{"id":1861,"date":"2026-01-27T17:30:31","date_gmt":"2026-01-27T16:30:31","guid":{"rendered":"https:\/\/www.progeo.ngo\/calendar\/calendar-2024\/"},"modified":"2026-03-24T00:15:37","modified_gmt":"2026-03-23T23:15:37","slug":"calendar-2024","status":"publish","type":"page","link":"https:\/\/www.progeo.ngo\/es\/calendar\/calendar-2024\/","title":{"rendered":"Calendario 2024"},"content":{"rendered":"\n<div class=\"wp-block-group pb-md-5 is-layout-constrained wp-block-group-is-layout-constrained\">\n<h1 class=\"wp-block-heading mb-4 has-text-color has-link-color wp-elements-1df3b7cce1177ee710022ac581963d42\" style=\"color:#8f907b;font-size:45px\"><strong>Calendario 2024<\/strong><\/h1>\n<\/div>\n\n\n\n<div class=\"wp-block-group is-content-justification-center is-layout-constrained wp-block-group-is-layout-constrained\">\n<div class=\"wp-block-columns mt-5 is-layout-flex wp-container-core-columns-is-layout-28f84493 wp-block-columns-is-layout-flex\">\n<div class=\"wp-block-column is-layout-flow wp-block-column-is-layout-flow\" style=\"flex-basis:33.33%\">\n<p style=\"font-size:28px\"><strong>15-17<\/strong> <strong>Enero<\/strong><\/p>\n<\/div>\n\n\n\n<div class=\"wp-block-column is-layout-flow wp-block-column-is-layout-flow\" style=\"flex-basis:66.66%\">\n<p class=\"has-medium-font-size\"><strong>Primer Taller de Campo sobre Conservaci\u00f3n del Patrimonio Geol\u00f3gico en Entornos Mineros de la Regi\u00f3n de Murcia<\/strong><\/p>\n\n\n\n<p>Taller, conferencias y trabajo de campo en diferentes localidades de la Regi\u00f3n de Murcia, Espa\u00f1a<\/p>\n\n\n\n<p>Organizadores:&nbsp;<\/p>\n\n\n\n<p><a href=\"http:\/\/www.sedpgym.es\/actividades\/congresos\/249-i-jornadas-de-campo-sobre-la-conservacion-del-patrimonio-geologico-en-entornos-mineros-de-la-region-de-murcia\" target=\"_blank\" rel=\"noreferrer noopener\">http:\/\/www.sedpgym.es\/actividades\/congresos\/249-i-jornadas-de-campo-sobre-la-conservacion-del-patrimonio-geologico-en-entornos-mineros-de-la-region-de-murcia<\/a><\/p>\n<\/div>\n<\/div>\n<\/div>\n\n\n\n<div class=\"wp-block-group is-layout-constrained wp-block-group-is-layout-constrained\">\n<div class=\"wp-block-columns mt-5 is-layout-flex wp-container-core-columns-is-layout-28f84493 wp-block-columns-is-layout-flex\">\n<div class=\"wp-block-column is-layout-flow wp-block-column-is-layout-flow\" style=\"flex-basis:33.33%\">\n<p style=\"font-size:28px\"><strong>15-19<\/strong> <strong>Abril <\/strong><\/p>\n<\/div>\n\n\n\n<div class=\"wp-block-column is-layout-flow wp-block-column-is-layout-flow\" style=\"flex-basis:66.66%\">\n<p class=\"has-medium-font-size\"><strong>Congreso Geol\u00f3gico de Turqu\u00eda con Participaci\u00f3n Internacional<\/strong><\/p>\n\n\n\n<p>Conferencia, Ankara, Turqu\u00eda<\/p>\n\n\n\n<p>Organizadores: Centro Cultural de la Direcci\u00f3n General de Investigaci\u00f3n y Exploraci\u00f3n Mineral, Ankara \/ Turqu\u00eda<\/p>\n\n\n\n<p><a href=\"https:\/\/tjk.jmo.org.tr\/index.php?kod=160&amp;lg=en\">https:\/\/tjk.jmo.org.tr\/index.php?kod=160&amp;lg=en<\/a><\/p>\n<\/div>\n<\/div>\n\n\n\n<div class=\"wp-block-columns mt-5 is-layout-flex wp-container-core-columns-is-layout-28f84493 wp-block-columns-is-layout-flex\">\n<div class=\"wp-block-column is-layout-flow wp-block-column-is-layout-flow\" style=\"flex-basis:33.33%\">\n<p style=\"font-size:28px\"><strong>11-12<\/strong> <strong>Mayo<\/strong><\/p>\n<\/div>\n\n\n\n<div class=\"wp-block-column is-layout-flow wp-block-column-is-layout-flow\" style=\"flex-basis:66.66%\">\n<p class=\"has-medium-font-size\"><strong>Geolod\u00eda<\/strong><\/p>\n\n\n\n<p>Evento anual de divulgaci\u00f3n<\/p>\n\n\n\n<p>M\u00e1s de 50 ubicaciones (cada provincia de Espa\u00f1a, m\u00e1s algunas islas)<\/p>\n\n\n\n<p>Organizadores: Sociedad Geol\u00f3gica de Espa\u00f1a<\/p>\n\n\n\n<p><a href=\"https:\/\/geolodia.es\/\">https:\/\/geolodia.es\/<\/a><\/p>\n<\/div>\n<\/div>\n\n\n\n<div class=\"wp-block-columns mt-5 is-layout-flex wp-container-core-columns-is-layout-28f84493 wp-block-columns-is-layout-flex\">\n<div class=\"wp-block-column is-layout-flow wp-block-column-is-layout-flow\" style=\"flex-basis:33.33%\">\n<p style=\"font-size:28px\"><strong>11-12<\/strong> <strong>Mayo <\/strong><\/p>\n<\/div>\n\n\n\n<div class=\"wp-block-column is-layout-flow wp-block-column-is-layout-flow\" style=\"flex-basis:66.66%\">\n<p class=\"has-medium-font-size\"><strong>Antonio Stoppani: de la ciencia a la divulgaci\u00f3n<\/strong><\/p>\n\n\n\n<p>Conferencia, Parque Monte Barro, Alpes italianos<\/p>\n\n\n\n<p>Asociaci\u00f3n Geologia &amp; Turismo<\/p>\n\n\n\n<p>\u200b<a href=\"https:\/\/geologiaeturismo.it\/activity\/stoppani-dalla-scienza-alla-divulgazione\/\" target=\"_blank\" rel=\"noreferrer noopener\">https:\/\/geologiaeturismo.it\/activity\/stoppani-dalla-scienza-alla-divulgazione\/<\/a><\/p>\n<\/div>\n<\/div>\n\n\n\n<div class=\"wp-block-columns mt-5 is-layout-flex wp-container-core-columns-is-layout-28f84493 wp-block-columns-is-layout-flex\">\n<div class=\"wp-block-column is-layout-flow wp-block-column-is-layout-flow\" style=\"flex-basis:33.33%\">\n<p style=\"font-size:28px\"><strong>15<\/strong> <strong>Mayo<\/strong><\/p>\n<\/div>\n\n\n\n<div class=\"wp-block-column is-layout-flow wp-block-column-is-layout-flow\" style=\"flex-basis:66.66%\">\n<p class=\"has-medium-font-size\"><strong>Reuni\u00f3n del Grupo Nacional Italiano de ProGEO<\/strong><\/p>\n\n\n\n<p>Reuni\u00f3n,<\/p>\n\n\n\n<p>Roma (Italia)<\/p>\n<\/div>\n<\/div>\n\n\n\n<div class=\"wp-block-columns mt-5 is-layout-flex wp-container-core-columns-is-layout-28f84493 wp-block-columns-is-layout-flex\">\n<div class=\"wp-block-column is-layout-flow wp-block-column-is-layout-flow\" style=\"flex-basis:33.33%\">\n<p style=\"font-size:28px\"><strong>20-25<\/strong> <strong>Mayo<\/strong><\/p>\n<\/div>\n\n\n\n<div class=\"wp-block-column is-layout-flow wp-block-column-is-layout-flow\" style=\"flex-basis:66.66%\">\n<p class=\"has-medium-font-size\"><strong>Volcandpark 2024<\/strong><\/p>\n\n\n\n<p>Conferencia, Ji\u010d\u00edn (Rep\u00fablica Checa)<\/p>\n\n\n\n<p>Un evento para reunir a expertos en valoraci\u00f3n, protecci\u00f3n, educaci\u00f3n y gesti\u00f3n de \u00e1reas volc\u00e1nicas.<\/p>\n\n\n\n<p><a href=\"http:\/\/volcandpark2024.com\/\" target=\"_blank\" rel=\"noreferrer noopener\">http:\/\/volcandpark2024.com\/<\/a><\/p>\n<\/div>\n<\/div>\n\n\n\n<div class=\"wp-block-columns mt-5 is-layout-flex wp-container-core-columns-is-layout-28f84493 wp-block-columns-is-layout-flex\">\n<div class=\"wp-block-column is-layout-flow wp-block-column-is-layout-flow\" style=\"flex-basis:33.33%\">\n<p style=\"font-size:28px\"><strong>7<\/strong> <strong>Junio <\/strong><\/p>\n<\/div>\n\n\n\n<div class=\"wp-block-column is-layout-flow wp-block-column-is-layout-flow\" style=\"flex-basis:66.66%\">\n<p class=\"has-medium-font-size\"><strong>Conmemoraci\u00f3n del D\u00eda Mundial del Medio Ambiente (\u00abCelebrando o Dia Internacional do Meio Ambiente\u00bb \/ \u00abCelebrando el D\u00eda Internacional del Medio Ambiente\u00bb)<\/strong><\/p>\n\n\n\n<p>Taller,<\/p>\n\n\n\n<p>El taller presentar\u00e1 estudios de caso sobre la conservaci\u00f3n de sitios geol\u00f3gicos con participaci\u00f3n comunitaria. Presentaciones de 4 estudios de caso de Brasil, Chile y M\u00e9xico.<\/p>\n<\/div>\n<\/div>\n\n\n\n<div class=\"wp-block-columns mt-5 is-layout-flex wp-container-core-columns-is-layout-28f84493 wp-block-columns-is-layout-flex\">\n<div class=\"wp-block-column is-layout-flow wp-block-column-is-layout-flow\" style=\"flex-basis:33.33%\">\n<p style=\"font-size:28px\"><strong>14-16<\/strong> <strong>Junio<\/strong><\/p>\n<\/div>\n\n\n\n<div class=\"wp-block-column is-layout-flow wp-block-column-is-layout-flow\" style=\"flex-basis:66.66%\">\n<p class=\"has-medium-font-size\"><strong>Congreso Nacional SIGEA \u00abLos paisajes y bienes geol\u00f3gicos, patrimonio cultural y patrimonio inmaterial\u00bb<\/strong><\/p>\n\n\n\n<p>Sesi\u00f3n de congreso, Salve (Puglia, Italia)<\/p>\n\n\n\n<p>Congreso Nacional SIGEA \u00abLos paisajes y bienes geol\u00f3gicos, patrimonio cultural y patrimonio inmaterial\u00bb<\/p>\n\n\n\n<p>SIGEA &#8211; Asociaci\u00f3n Italiana de Geolog\u00eda Ambiental<\/p>\n\n\n\n<p>\u200b<a href=\"https:\/\/sigea-aps.it\/eventi\/i-paesaggi-e-beni-geologici-patrimonio-culturale-e-patrimonio-immateriale-salve-le-14-15-e-16-giugno-2024\/\" target=\"_blank\" rel=\"noreferrer noopener\">https:\/\/sigea-aps.it\/eventi\/i-paesaggi-e-beni-geologici-patrimonio-culturale-e-patrimonio-immateriale-salve-le-14-15-e-16-giugno-2024\/<\/a><\/p>\n<\/div>\n<\/div>\n\n\n\n<div class=\"wp-block-columns mt-5 is-layout-flex wp-container-core-columns-is-layout-28f84493 wp-block-columns-is-layout-flex\">\n<div class=\"wp-block-column is-layout-flow wp-block-column-is-layout-flow\" style=\"flex-basis:33.33%\">\n<p style=\"font-size:28px\"><strong>2-6<\/strong> <strong>Julio<\/strong><\/p>\n<\/div>\n\n\n\n<div class=\"wp-block-column is-layout-flow wp-block-column-is-layout-flow\" style=\"flex-basis:66.66%\">\n<p class=\"has-medium-font-size\"><strong>XI Congreso Geol\u00f3gico de Espa\u00f1a (2024)<\/strong><\/p>\n\n\n\n<p>Sesi\u00f3n sobre Geoconservaci\u00f3n, \u00c1vila, Espa\u00f1a<\/p>\n\n\n\n<p>Organizadores: Sociedad Geol\u00f3gica Espa\u00f1ola &#8211; Comisi\u00f3n de Patrimonio Geol\u00f3gico<\/p>\n\n\n\n<p><a href=\"https:\/\/congresogeologicosge.es\/\">https:\/\/congresogeologicosge.es\/<\/a><\/p>\n<\/div>\n<\/div>\n\n\n\n<div class=\"wp-block-columns mt-5 is-layout-flex wp-container-core-columns-is-layout-28f84493 wp-block-columns-is-layout-flex\">\n<div class=\"wp-block-column is-layout-flow wp-block-column-is-layout-flow\" style=\"flex-basis:33.33%\">\n<p style=\"font-size:28px\"><strong>25-31<\/strong> <strong>Agosto <\/strong><\/p>\n<\/div>\n\n\n\n<div class=\"wp-block-column is-layout-flow wp-block-column-is-layout-flow\" style=\"flex-basis:66.66%\">\n<p class=\"has-medium-font-size\"><strong>Sesi\u00f3n T27-4: Geoconservaci\u00f3n y Geopatrimonio: la geodiversidad como base de los sistemas naturales (Liderado por ProGEO)<\/strong><\/p>\n\n\n\n<p>Sesi\u00f3n, Rep\u00fablica de Corea<\/p>\n\n\n\n<p>Organizadores: 37\u00b0 Congreso Geol\u00f3gico Internacional, Busan<\/p>\n\n\n\n<p>Convocantes: Kevin Page, Ewa G\u0142owniak<br>Co-convocantes: John Gordon, Jos\u00e9 Brilha, Maria da Gl\u00f3ria Motta Garcia, Kevin Page, Manu Monge-Ganuzas<\/p>\n\n\n\n<p><a href=\"https:\/\/www.igc2024korea.org\/\">https:\/\/www.igc2024korea.org\/<\/a><\/p>\n<\/div>\n<\/div>\n\n\n\n<div class=\"wp-block-columns mt-5 is-layout-flex wp-container-core-columns-is-layout-28f84493 wp-block-columns-is-layout-flex\">\n<div class=\"wp-block-column is-layout-flow wp-block-column-is-layout-flow\" style=\"flex-basis:33.33%\">\n<p style=\"font-size:28px\"><strong>3-5<\/strong> <strong>Septiembre <\/strong><\/p>\n<\/div>\n\n\n\n<div class=\"wp-block-column is-layout-flow wp-block-column-is-layout-flow\" style=\"flex-basis:66.66%\">\n<p class=\"has-medium-font-size\"><strong>Congreso Conjunto SGI-SIMP 2024 \u00abGEOLOG\u00cdA PARA UNA GESTI\u00d3N SOSTENIBLE DE NUESTRO PLANETA\u00bb<\/strong><\/p>\n\n\n\n<p>Sesi\u00f3n de congreso, Bari (Puglia, Italia)<\/p>\n\n\n\n<p>Sesiones T6 a T11 bajo el paraguas de PATRIMONIO CULTURAL Y GEOHERITAGE:<\/p>\n\n\n\n<p>T6. Geodiversidad para un planeta sostenible<\/p>\n\n\n\n<p>T7. Geociencias para los Patrimonios Culturales<\/p>\n\n\n\n<p>T8. Geociencias en exhibici\u00f3n: el papel de los Museos de Historia Natural en el futuro de nuestro planeta<\/p>\n\n\n\n<p>T9. Sensibilizaci\u00f3n sobre la geodiversidad: una necesidad para el geocient\u00edfico<\/p>\n\n\n\n<p>T10. Estudios de espectroscop\u00eda vibracional de geomateriales: casos de estudio y nuevas perspectivas<\/p>\n\n\n\n<p>T11. Deambular para aprender: el Geoturismo como medio para la difusi\u00f3n de la Geodiversidad<\/p>\n\n\n\n<p>T20. Geomorfolog\u00eda en el Antropoceno: de la interacci\u00f3n humano-paisaje a los problemas de gesti\u00f3n del geopatrimonio<\/p>\n\n\n\n<p>Sociedad Geol\u00f3gica Italiana y Sociedad Italiana de Mineralog\u00eda y Petrolog\u00eda<\/p>\n\n\n\n<p><a href=\"https:\/\/www.geoscienze.org\/bari2024\">https:\/\/www.geoscienze.org\/bari2024<\/a><\/p>\n<\/div>\n<\/div>\n\n\n\n<div class=\"wp-block-columns mt-5 is-layout-flex wp-container-core-columns-is-layout-28f84493 wp-block-columns-is-layout-flex\">\n<div class=\"wp-block-column is-layout-flow wp-block-column-is-layout-flow\" style=\"flex-basis:33.33%\">\n<p style=\"font-size:28px\"><strong>22-25<\/strong> <strong>Septiembre <\/strong><\/p>\n<\/div>\n\n\n\n<div class=\"wp-block-column is-layout-flow wp-block-column-is-layout-flow\" style=\"flex-basis:66.66%\">\n<p class=\"has-medium-font-size\"><strong>Geological Society of America Connects 2024<\/strong><\/p>\n\n\n\n<p>Conferencia, Anaheim, California EE. UU.<\/p>\n\n\n\n<p>T40: Dimensiones Humanas del Geopatrimonio<\/p>\n\n\n\n<p>Reuni\u00f3n anual de la Sociedad Geol\u00f3gica de Am\u00e9rica: T40 Convocantes Christina DeVera y Tim Henderson<br><br><a href=\"https:\/\/community.geosociety.org\/gsa2024\/program\/technical\/topical\" target=\"_blank\" rel=\"noreferrer noopener\">https:\/\/community.geosociety.org\/gsa2024\/program\/technical\/topical<\/a><\/p>\n<\/div>\n<\/div>\n\n\n\n<div class=\"wp-block-columns mt-5 is-layout-flex wp-container-core-columns-is-layout-28f84493 wp-block-columns-is-layout-flex\">\n<div class=\"wp-block-column is-layout-flow wp-block-column-is-layout-flow\" style=\"flex-basis:33.33%\">\n<p style=\"font-size:28px\"><strong>6-13<\/strong> <strong>Octubre <\/strong><\/p>\n<\/div>\n\n\n\n<div class=\"wp-block-column is-layout-flow wp-block-column-is-layout-flow\" style=\"flex-basis:66.66%\">\n<p class=\"has-medium-font-size\"><strong>12\u00aa Edici\u00f3n de la \u00abSettimana del Pianeta Terra\u00bb<\/strong><\/p>\n\n\n\n<p>Evento anual de divulgaci\u00f3n, Italia<\/p>\n\n\n\n<p>Varios eventos en toda Italia.<\/p>\n\n\n\n<p>Asociaci\u00f3n Settimana Pianeta Terra<\/p>\n\n\n\n<p><a href=\"https:\/\/www.settimanaterra.org\">https:\/\/www.settimanaterra.org<\/a><\/p>\n<\/div>\n<\/div>\n\n\n\n<div class=\"wp-block-columns mt-5 is-layout-flex wp-container-core-columns-is-layout-28f84493 wp-block-columns-is-layout-flex\">\n<div class=\"wp-block-column is-layout-flow wp-block-column-is-layout-flow\" style=\"flex-basis:33.33%\">\n<p style=\"font-size:28px\"><strong>6<\/strong> <strong>Octubre <\/strong><\/p>\n<\/div>\n\n\n\n<div class=\"wp-block-column is-layout-flow wp-block-column-is-layout-flow\" style=\"flex-basis:66.66%\">\n<p class=\"has-medium-font-size\"><strong>D\u00eda Mundial de la Geodiversidad &#8211; Excursi\u00f3n para descubrir la geolog\u00eda y geodiversidad del Monte Vettore<\/strong><\/p>\n\n\n\n<p>D\u00eda Mundial de la Geodiversidad &#8211; Excursi\u00f3n para descubrir la geolog\u00eda y geodiversidad del Monte Vettore, Italia<\/p>\n\n\n\n<p><a href=\"https:\/\/www.settimanaterra.org\/\">https:\/\/www.settimanaterra.org\/<\/a><\/p>\n\n\n\n<p><a href=\"https:\/\/www.isprambiente.gov.it\/en\/news\/world-geodiversity-day?set_language=en\">https:\/\/www.isprambiente.gov.it\/en\/news\/world-geodiversity-day?set_language=en<\/a><\/p>\n<\/div>\n<\/div>\n\n\n\n<div class=\"wp-block-columns mt-5 is-layout-flex wp-container-core-columns-is-layout-28f84493 wp-block-columns-is-layout-flex\">\n<div class=\"wp-block-column is-layout-flow wp-block-column-is-layout-flow\" style=\"flex-basis:33.33%\">\n<p style=\"font-size:28px\"><strong>8<\/strong> <strong>Noviembre <\/strong><\/p>\n<\/div>\n\n\n\n<div class=\"wp-block-column is-layout-flow wp-block-column-is-layout-flow\" style=\"flex-basis:66.66%\">\n<p class=\"has-medium-font-size\"><strong>Encuentro Nacional sobre Patrimonio Geol\u00f3gico (ENAPG)<\/strong><\/p>\n\n\n\n<p>Reuni\u00f3n, Chile<\/p>\n\n\n\n<p>\u00abGrupo Disciplinario de Geopatrimonio y Geoeducaci\u00f3n\u00bb de la Universidad Andr\u00e9s Bello (GPGE UNAB)<\/p>\n<\/div>\n<\/div>\n<\/div>\n","protected":false},"excerpt":{"rendered":"<p>Calendario 2024 15-17 Enero Primer Taller de Campo sobre Conservaci\u00f3n del Patrimonio Geol\u00f3gico en Entornos Mineros de la Regi\u00f3n de Murcia Taller, conferencias y trabajo de campo en diferentes localidades de la Regi\u00f3n de Murcia, Espa\u00f1a Organizadores:&nbsp; http:\/\/www.sedpgym.es\/actividades\/congresos\/249-i-jornadas-de-campo-sobre-la-conservacion-del-patrimonio-geologico-en-entornos-mineros-de-la-region-de-murcia 15-19 Abril Congreso Geol\u00f3gico de Turqu\u00eda con Participaci\u00f3n Internacional Conferencia, Ankara, Turqu\u00eda Organizadores: Centro Cultural de la [&hellip;]<\/p>\n","protected":false},"author":1,"featured_media":0,"parent":1841,"menu_order":0,"comment_status":"closed","ping_status":"closed","template":"page-headless.php","meta":{"footnotes":""},"class_list":["post-1861","page","type-page","status-publish","hentry"],"_links":{"self":[{"href":"https:\/\/www.progeo.ngo\/es\/wp-json\/wp\/v2\/pages\/1861","targetHints":{"allow":["GET"]}}],"collection":[{"href":"https:\/\/www.progeo.ngo\/es\/wp-json\/wp\/v2\/pages"}],"about":[{"href":"https:\/\/www.progeo.ngo\/es\/wp-json\/wp\/v2\/types\/page"}],"author":[{"embeddable":true,"href":"https:\/\/www.progeo.ngo\/es\/wp-json\/wp\/v2\/users\/1"}],"replies":[{"embeddable":true,"href":"https:\/\/www.progeo.ngo\/es\/wp-json\/wp\/v2\/comments?post=1861"}],"version-history":[{"count":3,"href":"https:\/\/www.progeo.ngo\/es\/wp-json\/wp\/v2\/pages\/1861\/revisions"}],"predecessor-version":[{"id":2699,"href":"https:\/\/www.progeo.ngo\/es\/wp-json\/wp\/v2\/pages\/1861\/revisions\/2699"}],"up":[{"embeddable":true,"href":"https:\/\/www.progeo.ngo\/es\/wp-json\/wp\/v2\/pages\/1841"}],"wp:attachment":[{"href":"https:\/\/www.progeo.ngo\/es\/wp-json\/wp\/v2\/media?parent=1861"}],"curies":[{"name":"wp","href":"https:\/\/api.w.org\/{rel}","templated":true}]}}