{"id":1851,"date":"2026-01-27T16:51:29","date_gmt":"2026-01-27T15:51:29","guid":{"rendered":"https:\/\/www.progeo.ngo\/calendar\/calendar-2023\/"},"modified":"2026-03-24T00:14:57","modified_gmt":"2026-03-23T23:14:57","slug":"calendar-2023","status":"publish","type":"page","link":"https:\/\/www.progeo.ngo\/es\/calendar\/calendar-2023\/","title":{"rendered":"Calendario 2023"},"content":{"rendered":"\n<div class=\"wp-block-group pb-md-5 is-layout-constrained wp-block-group-is-layout-constrained\">\n<h1 class=\"wp-block-heading mb-4 has-text-color has-link-color wp-elements-0e234dd5cec6efed2c7ec2f3f4863f5b\" style=\"color:#8f907b;font-size:45px\"><strong>Calendario 2023<\/strong><\/h1>\n<\/div>\n\n\n\n<div class=\"wp-block-group is-content-justification-center is-layout-constrained wp-block-group-is-layout-constrained\">\n<div class=\"wp-block-columns mt-5 is-layout-flex wp-container-core-columns-is-layout-28f84493 wp-block-columns-is-layout-flex\">\n<div class=\"wp-block-column is-layout-flow wp-block-column-is-layout-flow\" style=\"flex-basis:33.33%\">\n<p style=\"font-size:28px\"><strong>16-17<\/strong> <strong>Enero <\/strong><\/p>\n<\/div>\n\n\n\n<div class=\"wp-block-column is-layout-flow wp-block-column-is-layout-flow\" style=\"flex-basis:66.66%\">\n<p class=\"has-medium-font-size\"><strong>Ciencia de la geodiversidad para la sociedad<\/strong><\/p>\n\n\n\n<p>Reuni\u00f3n, Nottingham<\/p>\n\n\n\n<p>Organizadores: Royal Society of London<\/p>\n\n\n\n<p><a href=\"https:\/\/royalsociety.org\/science-events-and-lectures\/2023\/01\/geodiversity\" target=\"_blank\" rel=\"noreferrer noopener\">https:\/\/royalsociety.org\/science-events-and-lectures\/2023\/01\/geodiversity<\/a><\/p>\n<\/div>\n<\/div>\n<\/div>\n\n\n\n<div class=\"wp-block-group is-layout-constrained wp-block-group-is-layout-constrained\">\n<div class=\"wp-block-columns mt-5 is-layout-flex wp-container-core-columns-is-layout-28f84493 wp-block-columns-is-layout-flex\">\n<div class=\"wp-block-column is-layout-flow wp-block-column-is-layout-flow\" style=\"flex-basis:33.33%\">\n<p style=\"font-size:28px\"><strong>10-14<\/strong> <strong>Abril <\/strong><\/p>\n<\/div>\n\n\n\n<div class=\"wp-block-column is-layout-flow wp-block-column-is-layout-flow\" style=\"flex-basis:66.66%\">\n<p class=\"has-medium-font-size\"><strong>Geolog\u00eda Cultural, Patrimonio Geol\u00f3gico, Geoturismo<\/strong><\/p>\n\n\n\n<p>Sesi\u00f3n, Ankara, Turqu\u00eda<\/p>\n\n\n\n<p>Organizadores: Ingenieros Geol\u00f3gicos de Turqu\u00eda<\/p>\n\n\n\n<p><a href=\"https:\/\/tjk.jmo.org.tr\" target=\"_blank\" rel=\"noreferrer noopener\">https:\/\/tjk.jmo.org.tr<\/a><\/p>\n<\/div>\n<\/div>\n\n\n\n<div class=\"wp-block-columns mt-5 is-layout-flex wp-container-core-columns-is-layout-28f84493 wp-block-columns-is-layout-flex\">\n<div class=\"wp-block-column is-layout-flow wp-block-column-is-layout-flow\" style=\"flex-basis:33.33%\">\n<p style=\"font-size:28px\"><strong>25-27<\/strong> <strong><strong>Abril<\/strong> <\/strong><\/p>\n<\/div>\n\n\n\n<div class=\"wp-block-column is-layout-flow wp-block-column-is-layout-flow\" style=\"flex-basis:66.66%\">\n<p class=\"has-medium-font-size\"><strong>II Taller de Mapeo de Geopatrimonio del USGS<\/strong><\/p>\n\n\n\n<p>Taller, Shepherdstown, WV, EE. UU.<\/p>\n\n\n\n<p>Organizadores: Servicio Geol\u00f3gico de los Estados Unidos (USGS)<\/p>\n\n\n\n<p><a href=\"https:\/\/forms.office.com\/g\/yGBMLWPHTS\" target=\"_blank\" rel=\"noreferrer noopener\">https:\/\/forms.office.com\/g\/yGBMLWPHTS<\/a><\/p>\n<\/div>\n<\/div>\n\n\n\n<div class=\"wp-block-columns mt-5 is-layout-flex wp-container-core-columns-is-layout-28f84493 wp-block-columns-is-layout-flex\">\n<div class=\"wp-block-column is-layout-flow wp-block-column-is-layout-flow\" style=\"flex-basis:33.33%\">\n<p style=\"font-size:28px\"><strong>26-28<\/strong> <strong>Mayo <\/strong><\/p>\n<\/div>\n\n\n\n<div class=\"wp-block-column is-layout-flow wp-block-column-is-layout-flow\" style=\"flex-basis:66.66%\">\n<p class=\"has-medium-font-size\"><strong>5as Jornadas Nacionales de Geolog\u00eda<\/strong><\/p>\n\n\n\n<p>Evento anual de divulgaci\u00f3n, Francia<\/p>\n\n\n\n<p>Organizadores: Sociedad Geol\u00f3gica de Francia<\/p>\n\n\n\n<p><a href=\"https:\/\/www.geosoc.fr\/journees-nationales-de-la-geologie.html\" target=\"_blank\" rel=\"noreferrer noopener\">https:\/\/www.geosoc.fr\/journees-nationales-de-la-geologie.html<\/a><\/p>\n<\/div>\n<\/div>\n\n\n\n<div class=\"wp-block-columns mt-5 is-layout-flex wp-container-core-columns-is-layout-28f84493 wp-block-columns-is-layout-flex\">\n<div class=\"wp-block-column is-layout-flow wp-block-column-is-layout-flow\" style=\"flex-basis:33.33%\">\n<p style=\"font-size:28px\"><strong>27-30<\/strong> <strong>Junio <\/strong><\/p>\n<\/div>\n\n\n\n<div class=\"wp-block-column is-layout-flow wp-block-column-is-layout-flow\" style=\"flex-basis:66.66%\">\n<p class=\"has-medium-font-size\"><strong>Convenci\u00f3n de Ciencias de la Tierra de Australia 2023<\/strong><\/p>\n\n\n\n<p>Conferencia, Australia<\/p>\n\n\n\n<p>Organizadores: Consejo Australiano de Geociencias<\/p>\n\n\n\n<p><a href=\"https:\/\/aesc2023.com.au\/\" target=\"_blank\" rel=\"noreferrer noopener\">https:\/\/aesc2023.com.au\/<\/a><\/p>\n<\/div>\n<\/div>\n\n\n\n<div class=\"wp-block-columns mt-5 is-layout-flex wp-container-core-columns-is-layout-28f84493 wp-block-columns-is-layout-flex\">\n<div class=\"wp-block-column is-layout-flow wp-block-column-is-layout-flow\" style=\"flex-basis:33.33%\">\n<p style=\"font-size:28px\"><strong>1-15<\/strong> <strong>Julio <\/strong><\/p>\n<\/div>\n\n\n\n<div class=\"wp-block-column is-layout-flow wp-block-column-is-layout-flow\" style=\"flex-basis:66.66%\">\n<p class=\"has-medium-font-size\"><strong>Flotilla de Universidades Flotantes<\/strong><\/p>\n\n\n\n<p>Rusia, Regi\u00f3n del Volga<\/p>\n\n\n\n<p>Organizadores: Universidad Estatal Lomon\u00f3sov de Mosc\u00fa (Museo de Ciencias de la Tierra); Instituto de Geograf\u00eda de la Academia de Ciencias de Rusia, Mosc\u00fa; Universidad T\u00e9cnica Estatal de Tambov<\/p>\n<\/div>\n<\/div>\n\n\n\n<div class=\"wp-block-columns mt-5 is-layout-flex wp-container-core-columns-is-layout-28f84493 wp-block-columns-is-layout-flex\">\n<div class=\"wp-block-column is-layout-flow wp-block-column-is-layout-flow\" style=\"flex-basis:33.33%\">\n<p style=\"font-size:28px\"><strong>05-10<\/strong> <strong>Septiembre <\/strong><\/p>\n<\/div>\n\n\n\n<div class=\"wp-block-column is-layout-flow wp-block-column-is-layout-flow\" style=\"flex-basis:66.66%\">\n<p class=\"has-medium-font-size\"><strong>Conferencia Internacional sobre Geoparques Mundiales de la UNESCO 2023<\/strong><\/p>\n\n\n\n<p>Conferencia, Marrakech, Marruecos<\/p>\n\n\n\n<p>Organizadores: Consejo Australiano de Geociencias<\/p>\n\n\n\n<p><a href=\"http:\/\/www.mgounggn2023.org\/\" target=\"_blank\" rel=\"noreferrer noopener\">http:\/\/www.mgounggn2023.org\/<\/a><\/p>\n<\/div>\n<\/div>\n\n\n\n<div class=\"wp-block-columns mt-5 is-layout-flex wp-container-core-columns-is-layout-28f84493 wp-block-columns-is-layout-flex\">\n<div class=\"wp-block-column is-layout-flow wp-block-column-is-layout-flow\" style=\"flex-basis:33.33%\">\n<p style=\"font-size:28px\"><strong>06<\/strong> <strong>Octubre <\/strong><\/p>\n<\/div>\n\n\n\n<div class=\"wp-block-column is-layout-flow wp-block-column-is-layout-flow\" style=\"flex-basis:66.66%\">\n<p class=\"has-medium-font-size\"><strong>D\u00eda Internacional de la Geodiversidad<\/strong><\/p>\n\n\n\n<p>Evento anual de divulgaci\u00f3n, Litija, Eslovenia<\/p>\n\n\n\n<p>Organizadores: Instituto de la Rep\u00fablica de Eslovenia para la Conservaci\u00f3n de la Naturaleza, Municipio de Litija<\/p>\n<\/div>\n<\/div>\n\n\n\n<div class=\"wp-block-columns mt-5 is-layout-flex wp-container-core-columns-is-layout-28f84493 wp-block-columns-is-layout-flex\">\n<div class=\"wp-block-column is-layout-flow wp-block-column-is-layout-flow\" style=\"flex-basis:33.33%\">\n<p style=\"font-size:28px\"><strong>06-08<\/strong> <strong><strong>Octubre<\/strong> <\/strong><\/p>\n<\/div>\n\n\n\n<div class=\"wp-block-column is-layout-flow wp-block-column-is-layout-flow\" style=\"flex-basis:66.66%\">\n<p class=\"has-medium-font-size\"><strong>D\u00eda Internacional de la Geodiversidad de la UNESCO en Luxemburgo<\/strong><\/p>\n\n\n\n<p>Evento anual de divulgaci\u00f3n, Ciudad de Luxemburgo, Luxemburgo<\/p>\n\n\n\n<p>Organizadores: Museo Nacional de Historia Natural de Luxemburgo y Comisi\u00f3n de Cooperaci\u00f3n con la UNESCO, Luxemburgo<\/p>\n<\/div>\n<\/div>\n\n\n\n<div class=\"wp-block-columns mt-5 is-layout-flex wp-container-core-columns-is-layout-28f84493 wp-block-columns-is-layout-flex\">\n<div class=\"wp-block-column is-layout-flow wp-block-column-is-layout-flow\" style=\"flex-basis:33.33%\">\n<p style=\"font-size:28px\"><strong>24-28<\/strong> <strong><strong>Octubre<\/strong> <\/strong><\/p>\n<\/div>\n\n\n\n<div class=\"wp-block-column is-layout-flow wp-block-column-is-layout-flow\" style=\"flex-basis:66.66%\">\n<p class=\"has-medium-font-size\"><strong>D\u00eda Internacional de la Geodiversidad <\/strong><br><strong>Primer Congreso Internacional sobre Geodiversidad, Patrimonio Geol\u00f3gico, Geoturismo, Geoeducaci\u00f3n, Geoparques y Objetivos de Desarrollo Sostenible (5G &amp; ODS)<\/strong><\/p>\n\n\n\n<p>Conferencia, Saf\u00ed, Marruecos<\/p>\n\n\n\n<p>Organizadores: Facultad Polidisciplinaria de Saf\u00ed, Universidad Cadi Ayyad, Marruecos<\/p>\n\n\n\n<p>Ezzoura Errami<\/p>\n\n\n\n<p><a href=\"https:\/\/ic5gsdg.uca.ma\">https:\/\/ic5gsdg.uca.ma<\/a><\/p>\n\n\n\n<p>En colaboraci\u00f3n con:<\/p>\n\n\n\n<p>Red Africana de Geoparques (AGN), Asociaci\u00f3n Africana de Mujeres en Geociencias (AAWG) y Organizaci\u00f3n de Servicios Geol\u00f3gicos Africanos (OAGS)<\/p>\n<\/div>\n<\/div>\n\n\n\n<div class=\"wp-block-columns mt-5 is-layout-flex wp-container-core-columns-is-layout-28f84493 wp-block-columns-is-layout-flex\">\n<div class=\"wp-block-column is-layout-flow wp-block-column-is-layout-flow\" style=\"flex-basis:33.33%\">\n<p style=\"font-size:28px\"><strong>30<\/strong> <strong>Octubre a <strong>3<\/strong><\/strong> <strong>Noviembre <\/strong><\/p>\n<\/div>\n\n\n\n<div class=\"wp-block-column is-layout-flow wp-block-column-is-layout-flow\" style=\"flex-basis:66.66%\">\n<p class=\"has-medium-font-size\"><strong>Reuni\u00f3n Nacional de Ciencias de la Tierra: Sesi\u00f3n de Geopatrimonio y Divulgaci\u00f3n<\/strong><\/p>\n\n\n\n<p>Conferencia, Rennes (Francia)<\/p>\n\n\n\n<p>Organizadores: Sociedad Geol\u00f3gica de Francia y Universidad de Rennes<\/p>\n\n\n\n<p><a href=\"https:\/\/rst2023-rennes.sciencesconf.org\/resource\/page\/id\/7#16\" target=\"_blank\" rel=\"noreferrer noopener\">https:\/\/rst2023-rennes.sciencesconf.org\/resource\/page\/id\/7#16<\/a><\/p>\n<\/div>\n<\/div>\n\n\n\n<div class=\"wp-block-columns mt-5 is-layout-flex wp-container-core-columns-is-layout-28f84493 wp-block-columns-is-layout-flex\">\n<div class=\"wp-block-column is-layout-flow wp-block-column-is-layout-flow\" style=\"flex-basis:33.33%\">\n<p style=\"font-size:28px\"><strong>26-27<\/strong> <strong>Noviembre <\/strong><\/p>\n<\/div>\n\n\n\n<div class=\"wp-block-column is-layout-flow wp-block-column-is-layout-flow\" style=\"flex-basis:66.66%\">\n<p class=\"has-medium-font-size\"><strong>I Foro Internacional de Estudios Mineros<\/strong><\/p>\n\n\n\n<p>Conferencia, Nueva Taip\u00e9i, Taiw\u00e1n<\/p>\n\n\n\n<p>Los estudios mineros se centran en las regiones de Chinkuashih, Chiufen y Shuinandong, donde el paisaje cultural se construye sobre el patrimonio geol\u00f3gico \u00fanico de oro y cobre. Los temas incluyen historia, estrategias de conservaci\u00f3n, planes de desarrollo sostenible, entre otros.<\/p>\n<\/div>\n<\/div>\n<\/div>\n","protected":false},"excerpt":{"rendered":"<p>Calendario 2023 16-17 Enero Ciencia de la geodiversidad para la sociedad Reuni\u00f3n, Nottingham Organizadores: Royal Society of London https:\/\/royalsociety.org\/science-events-and-lectures\/2023\/01\/geodiversity 10-14 Abril Geolog\u00eda Cultural, Patrimonio Geol\u00f3gico, Geoturismo Sesi\u00f3n, Ankara, Turqu\u00eda Organizadores: Ingenieros Geol\u00f3gicos de Turqu\u00eda https:\/\/tjk.jmo.org.tr 25-27 Abril II Taller de Mapeo de Geopatrimonio del USGS Taller, Shepherdstown, WV, EE. UU. Organizadores: Servicio Geol\u00f3gico de los [&hellip;]<\/p>\n","protected":false},"author":1,"featured_media":0,"parent":1841,"menu_order":0,"comment_status":"closed","ping_status":"closed","template":"page-headless.php","meta":{"footnotes":""},"class_list":["post-1851","page","type-page","status-publish","hentry"],"_links":{"self":[{"href":"https:\/\/www.progeo.ngo\/es\/wp-json\/wp\/v2\/pages\/1851","targetHints":{"allow":["GET"]}}],"collection":[{"href":"https:\/\/www.progeo.ngo\/es\/wp-json\/wp\/v2\/pages"}],"about":[{"href":"https:\/\/www.progeo.ngo\/es\/wp-json\/wp\/v2\/types\/page"}],"author":[{"embeddable":true,"href":"https:\/\/www.progeo.ngo\/es\/wp-json\/wp\/v2\/users\/1"}],"replies":[{"embeddable":true,"href":"https:\/\/www.progeo.ngo\/es\/wp-json\/wp\/v2\/comments?post=1851"}],"version-history":[{"count":3,"href":"https:\/\/www.progeo.ngo\/es\/wp-json\/wp\/v2\/pages\/1851\/revisions"}],"predecessor-version":[{"id":2698,"href":"https:\/\/www.progeo.ngo\/es\/wp-json\/wp\/v2\/pages\/1851\/revisions\/2698"}],"up":[{"embeddable":true,"href":"https:\/\/www.progeo.ngo\/es\/wp-json\/wp\/v2\/pages\/1841"}],"wp:attachment":[{"href":"https:\/\/www.progeo.ngo\/es\/wp-json\/wp\/v2\/media?parent=1851"}],"curies":[{"name":"wp","href":"https:\/\/api.w.org\/{rel}","templated":true}]}}