{"id":1780,"date":"2026-02-07T10:57:07","date_gmt":"2026-02-07T09:57:07","guid":{"rendered":"https:\/\/www.progeo.ngo\/members-partnerns\/"},"modified":"2026-03-09T18:13:19","modified_gmt":"2026-03-09T17:13:19","slug":"members-partnerns","status":"publish","type":"page","link":"https:\/\/www.progeo.ngo\/es\/members-partnerns\/","title":{"rendered":"Miembros y socios"},"content":{"rendered":"\n<div class=\"wp-block-group is-layout-constrained wp-block-group-is-layout-constrained\">\n<div class=\"wp-block-group is-layout-constrained wp-container-core-group-is-layout-bea02a06 wp-block-group-is-layout-constrained\">\n<div class=\"wp-block-columns is-layout-flex wp-container-core-columns-is-layout-28f84493 wp-block-columns-is-layout-flex\">\n<div class=\"wp-block-column is-layout-flow wp-block-column-is-layout-flow\" style=\"flex-basis:100%\">\n<h1 class=\"wp-block-heading has-text-align-center pt-5 has-x-large-font-size\" style=\"margin-top:0px;margin-bottom:0px\">Miembros y socios<\/h1>\n<\/div>\n<\/div>\n<\/div>\n\n\n\n<div class=\"wp-block-group is-layout-constrained wp-container-core-group-is-layout-bea02a06 wp-block-group-is-layout-constrained\">\n<p class=\"has-text-align-center has-medium-font-size\" style=\"padding-top:var(--wp--preset--spacing--40);padding-bottom:var(--wp--preset--spacing--40)\">Descubra aqu\u00ed los socios y las organizaciones miembros de ProGEO.<\/p>\n<\/div>\n\n\n\n<div class=\"wp-block-group is-layout-constrained wp-container-core-group-is-layout-bea02a06 wp-block-group-is-layout-constrained\">\n<p class=\"has-text-align-center has-medium-font-size\" style=\"padding-top:var(--wp--preset--spacing--40);padding-bottom:var(--wp--preset--spacing--40)\">ProGEO colabora con una red diversa de organizaciones y personas comprometidas con la promoci\u00f3n de la geoconservaci\u00f3n y el patrimonio geol\u00f3gico en toda Europa y m\u00e1s all\u00e1. Esta secci\u00f3n ofrece una visi\u00f3n general de nuestras colaboraciones y de la estructura de nuestra comunidad.<\/p>\n<\/div>\n<\/div>\n\n\n\n<figure class=\"wp-block-image alignfull size-full pt-4\"><img loading=\"lazy\" decoding=\"async\" width=\"1760\" height=\"383\" src=\"https:\/\/www.progeo.ngo\/wp-content\/uploads\/2026\/02\/03de44_856d72d91daf4c97906d9bbb2650f48dmv2.avif\" alt=\"\" class=\"wp-image-739\" srcset=\"https:\/\/www.progeo.ngo\/wp-content\/uploads\/2026\/02\/03de44_856d72d91daf4c97906d9bbb2650f48dmv2.avif 1760w, https:\/\/www.progeo.ngo\/wp-content\/uploads\/2026\/02\/03de44_856d72d91daf4c97906d9bbb2650f48dmv2-300x65.jpg 300w, https:\/\/www.progeo.ngo\/wp-content\/uploads\/2026\/02\/03de44_856d72d91daf4c97906d9bbb2650f48dmv2-1024x223.jpg 1024w, https:\/\/www.progeo.ngo\/wp-content\/uploads\/2026\/02\/03de44_856d72d91daf4c97906d9bbb2650f48dmv2-768x167.jpg 768w, https:\/\/www.progeo.ngo\/wp-content\/uploads\/2026\/02\/03de44_856d72d91daf4c97906d9bbb2650f48dmv2-1536x334.jpg 1536w\" sizes=\"auto, (max-width: 1760px) 100vw, 1760px\" \/><\/figure>\n\n\n\n<div class=\"wp-block-group has-background is-layout-constrained wp-block-group-is-layout-constrained\" style=\"background-color:#c9d3d6\">\n<div class=\"wp-block-group is-layout-constrained wp-container-core-group-is-layout-8d293084 wp-block-group-is-layout-constrained\">\n<div class=\"wp-block-columns has-background is-layout-flex wp-container-core-columns-is-layout-28f84493 wp-block-columns-is-layout-flex\" style=\"background-color:#c9d3d6\">\n<div class=\"wp-block-column is-layout-flow wp-block-column-is-layout-flow\" style=\"flex-basis:100%\">\n<h1 class=\"wp-block-heading has-text-align-center has-x-large-font-size\" style=\"margin-top:0px;margin-bottom:0px\"><br>Organizaciones con las que hemos firmado un Memorando de Entendimiento (MoU)<\/h1>\n<\/div>\n<\/div>\n<\/div>\n\n\n\n<div class=\"wp-block-group is-layout-constrained wp-container-core-group-is-layout-bea02a06 wp-block-group-is-layout-constrained\">\n<p class=\"has-text-align-center has-medium-font-size\" style=\"padding-top:var(--wp--preset--spacing--40);padding-bottom:var(--wp--preset--spacing--40)\">Resumen de los socios internacionales con los que ProGEO ha establecido Memorandos de Entendimiento (MoU), que apoyan iniciativas conjuntas en investigaci\u00f3n, conservaci\u00f3n y divulgaci\u00f3n.<br><br><\/p>\n\n\n\n<div class=\"wp-block-group is-layout-constrained wp-block-group-is-layout-constrained\">\n<div class=\"wp-block-group alignwide pb-5 is-content-justification-center is-nowrap is-layout-flex wp-container-core-group-is-layout-23441af8 wp-block-group-is-layout-flex\">\n<figure class=\"wp-block-gallery has-nested-images columns-default is-cropped wp-block-gallery-1 is-layout-flex wp-block-gallery-is-layout-flex\">\n<figure class=\"wp-block-image size-large\"><img loading=\"lazy\" decoding=\"async\" width=\"186\" height=\"100\" data-id=\"768\" src=\"https:\/\/www.progeo.ngo\/wp-content\/uploads\/2026\/02\/EuroGeoSurveys-1024x551-1.avif\" alt=\"\" class=\"wp-image-768\"\/><\/figure>\n<\/figure>\n\n\n\n<figure class=\"wp-block-image size-full ps-5\"><img loading=\"lazy\" decoding=\"async\" width=\"272\" height=\"100\" src=\"https:\/\/www.progeo.ngo\/wp-content\/uploads\/2026\/02\/GSA_logo1R_rgb.avif\" alt=\"\" class=\"wp-image-772\"\/><\/figure>\n<\/div>\n<\/div>\n<\/div>\n<\/div>\n\n\n\n<div class=\"wp-block-group has-light-background-color has-background is-layout-constrained wp-block-group-is-layout-constrained\">\n<div class=\"wp-block-group is-layout-constrained wp-container-core-group-is-layout-8d293084 wp-block-group-is-layout-constrained\">\n<div class=\"wp-block-columns has-light-background-color has-background is-layout-flex wp-container-core-columns-is-layout-28f84493 wp-block-columns-is-layout-flex\">\n<div class=\"wp-block-column is-layout-flow wp-block-column-is-layout-flow\" style=\"flex-basis:100%\">\n<h1 class=\"wp-block-heading has-text-align-center has-x-large-font-size\" style=\"margin-top:0px;margin-bottom:0px\"><br>Organizaciones miembros institucionales<\/h1>\n<\/div>\n<\/div>\n<\/div>\n\n\n\n<div class=\"wp-block-group is-layout-constrained wp-container-core-group-is-layout-bea02a06 wp-block-group-is-layout-constrained\">\n<p class=\"has-text-align-center has-medium-font-size\" style=\"padding-top:var(--wp--preset--spacing--40);padding-bottom:var(--wp--preset--spacing--40)\">Un directorio de los miembros institucionales de ProGEO, que incluye universidades, servicios geol\u00f3gicos, museos y otras organizaciones que contribuyen activamente a nuestra misi\u00f3n cient\u00edfica y de conservaci\u00f3n.<br><br><\/p>\n\n\n\n<div class=\"wp-block-group is-layout-constrained wp-block-group-is-layout-constrained\">\n<div class=\"wp-block-group alignwide pb-5 is-content-justification-center is-nowrap is-layout-flex wp-container-core-group-is-layout-23441af8 wp-block-group-is-layout-flex\">\n<figure class=\"wp-block-gallery has-nested-images columns-default is-cropped wp-block-gallery-2 is-layout-flex wp-block-gallery-is-layout-flex\">\n<figure class=\"wp-block-image size-full\"><img loading=\"lazy\" decoding=\"async\" width=\"169\" height=\"100\" data-id=\"780\" src=\"https:\/\/www.progeo.ngo\/wp-content\/uploads\/2026\/02\/Norwegian-Environment-Agency-logo-BW.avif\" alt=\"\" class=\"wp-image-780\"\/><\/figure>\n<\/figure>\n\n\n\n<figure class=\"wp-block-image size-full ps-5\"><img loading=\"lazy\" decoding=\"async\" width=\"100\" height=\"100\" src=\"https:\/\/www.progeo.ngo\/wp-content\/uploads\/2026\/02\/logoMNHN.avif\" alt=\"\" class=\"wp-image-782\"\/><\/figure>\n\n\n\n<figure class=\"wp-block-image size-full ps-5\"><img loading=\"lazy\" decoding=\"async\" width=\"100\" height=\"100\" src=\"https:\/\/www.progeo.ngo\/wp-content\/uploads\/2026\/02\/CGS-2-logo_member.avif\" alt=\"\" class=\"wp-image-784\"\/><\/figure>\n\n\n\n<figure class=\"wp-block-image size-full ps-5\"><img loading=\"lazy\" decoding=\"async\" width=\"83\" height=\"99\" src=\"https:\/\/www.progeo.ngo\/wp-content\/uploads\/2026\/02\/taipei.avif\" alt=\"\" class=\"wp-image-786\"\/><\/figure>\n\n\n\n<figure class=\"wp-block-image size-full ps-5\"><img loading=\"lazy\" decoding=\"async\" width=\"151\" height=\"65\" src=\"https:\/\/www.progeo.ngo\/wp-content\/uploads\/2026\/02\/logo_ifpen.avif\" alt=\"\" class=\"wp-image-788\"\/><\/figure>\n<\/div>\n<\/div>\n<\/div>\n<\/div>\n\n\n\n<div class=\"wp-block-group has-background is-layout-constrained wp-block-group-is-layout-constrained\" style=\"background-color:#c9d3d6\">\n<div class=\"wp-block-columns container is-layout-flex wp-container-core-columns-is-layout-28f84493 wp-block-columns-is-layout-flex\">\n<div class=\"wp-block-column is-layout-flow wp-block-column-is-layout-flow\" style=\"flex-basis:70%\">\n<div class=\"wp-block-columns is-layout-flex wp-container-core-columns-is-layout-28f84493 wp-block-columns-is-layout-flex\">\n<div class=\"wp-block-column is-layout-flow wp-block-column-is-layout-flow\" style=\"flex-basis:100%\">\n<div class=\"wp-block-group content has-background is-layout-flow wp-block-group-is-layout-flow\" style=\"background-color:#c9d3d6\">\n<div class=\"wp-block-group is-layout-flow wp-block-group-is-layout-flow\">\n<div class=\"wp-block-columns has-background is-layout-flex wp-container-core-columns-is-layout-28f84493 wp-block-columns-is-layout-flex\" style=\"background-color:#c9d3d6\">\n<div class=\"wp-block-column is-layout-flow wp-block-column-is-layout-flow\" style=\"flex-basis:100%\">\n<h1 class=\"wp-block-heading has-text-align-center has-x-large-font-size\" style=\"margin-top:0px;margin-bottom:0px\"><br>Miembros de ProGEO<\/h1>\n<\/div>\n<\/div>\n<\/div>\n\n\n\n<div class=\"wp-block-group is-layout-constrained wp-container-core-group-is-layout-bea02a06 wp-block-group-is-layout-constrained\">\n<p class=\"has-text-align-center has-medium-font-size\" style=\"padding-top:var(--wp--preset--spacing--40);padding-bottom:var(--wp--preset--spacing--40)\">ProGEO re\u00fane a cerca de 400 miembros de todos los continentes: ge\u00f3logos, investigadores, profesionales y especialistas en patrimonio que trabajan en diversos campos de las ciencias de la Tierra. Esta comunidad global contribuye activamente a la geoconservaci\u00f3n, apoya iniciativas relacionadas con el patrimonio geol\u00f3gico y promueve la comprensi\u00f3n y la protecci\u00f3n de la diversidad geol\u00f3gica a escala mundial.<br><br><\/p>\n<\/div>\n<\/div>\n<\/div>\n<\/div>\n<\/div>\n\n\n\n<div class=\"wp-block-column is-layout-flow wp-block-column-is-layout-flow\" style=\"flex-basis:30%\">\n<figure class=\"wp-block-image alignfull size-full ps-5\"><img loading=\"lazy\" decoding=\"async\" width=\"344\" height=\"389\" src=\"https:\/\/www.progeo.ngo\/wp-content\/uploads\/2026\/02\/IMG_2834_JPG.avif\" alt=\"\" class=\"wp-image-792\" srcset=\"https:\/\/www.progeo.ngo\/wp-content\/uploads\/2026\/02\/IMG_2834_JPG.avif 344w, https:\/\/www.progeo.ngo\/wp-content\/uploads\/2026\/02\/IMG_2834_JPG-265x300.jpg 265w\" sizes=\"auto, (max-width: 344px) 100vw, 344px\" \/><\/figure>\n<\/div>\n<\/div>\n<\/div>\n\n\n\n<p><\/p>\n","protected":false},"excerpt":{"rendered":"<p>Miembros y socios Descubra aqu\u00ed los socios y las organizaciones miembros de ProGEO. ProGEO colabora con una red diversa de organizaciones y personas comprometidas con la promoci\u00f3n de la geoconservaci\u00f3n y el patrimonio geol\u00f3gico en toda Europa y m\u00e1s all\u00e1. Esta secci\u00f3n ofrece una visi\u00f3n general de nuestras colaboraciones y de la estructura de nuestra [&hellip;]<\/p>\n","protected":false},"author":1,"featured_media":0,"parent":0,"menu_order":0,"comment_status":"closed","ping_status":"closed","template":"page-headless.php","meta":{"footnotes":""},"class_list":["post-1780","page","type-page","status-publish","hentry"],"_links":{"self":[{"href":"https:\/\/www.progeo.ngo\/es\/wp-json\/wp\/v2\/pages\/1780","targetHints":{"allow":["GET"]}}],"collection":[{"href":"https:\/\/www.progeo.ngo\/es\/wp-json\/wp\/v2\/pages"}],"about":[{"href":"https:\/\/www.progeo.ngo\/es\/wp-json\/wp\/v2\/types\/page"}],"author":[{"embeddable":true,"href":"https:\/\/www.progeo.ngo\/es\/wp-json\/wp\/v2\/users\/1"}],"replies":[{"embeddable":true,"href":"https:\/\/www.progeo.ngo\/es\/wp-json\/wp\/v2\/comments?post=1780"}],"version-history":[{"count":4,"href":"https:\/\/www.progeo.ngo\/es\/wp-json\/wp\/v2\/pages\/1780\/revisions"}],"predecessor-version":[{"id":1795,"href":"https:\/\/www.progeo.ngo\/es\/wp-json\/wp\/v2\/pages\/1780\/revisions\/1795"}],"wp:attachment":[{"href":"https:\/\/www.progeo.ngo\/es\/wp-json\/wp\/v2\/media?parent=1780"}],"curies":[{"name":"wp","href":"https:\/\/api.w.org\/{rel}","templated":true}]}}